{"id":13,"date":"2024-07-31T11:33:02","date_gmt":"2024-07-31T11:33:02","guid":{"rendered":"https:\/\/snakkybox.com\/?page_id=13"},"modified":"2025-12-31T10:18:31","modified_gmt":"2025-12-31T08:18:31","slug":"pirksanas-noteikumi","status":"publish","type":"page","link":"https:\/\/snakkybox.com\/ee\/pirksanas-noteikumi\/","title":{"rendered":"Ostutingimused"},"content":{"rendered":"<h2 class=\"wp-block-heading\">1. \u00dclds\u00e4tted<\/h2>\n\n\n\n<p>1.1. K\u00e4esolevad ostutingimused on m\u00f5eldud MB kohta teabe andmiseks&nbsp;<strong>Snakky grupp<\/strong>, \u00e4riregistri kood 307029491 (edaspidi \u2013&nbsp;<strong>M\u00fc\u00fcja<\/strong>), samuti kaubad (edaspidi \u2013&nbsp;<strong>Kaubad<\/strong>) m\u00fc\u00fcgitingimused (edaspidi \u2013&nbsp;<strong>Reeglid<\/strong>) ostjale selgitamiseks. Toiduk\u00e4itleja sertifikaadi number \u2013 380000759.<\/p>\n\n\n\n<p>1.2. K\u00e4esolevad Tingimused on m\u00f5eldud ka M\u00fc\u00fcja ja Ostja vaheliste Kaubam\u00fc\u00fcgilepingute (edaspidi nimetatud \u201eLepingud\u201c) s\u00f5lmimise aluseks.&nbsp;<strong>Leping<\/strong>). Enne meie veebipoest Toodete ostmist palume teil lugeda neid Tingimusi ja veenduda, et olete neist aru saanud. Enne tellimuse esitamist peate ostjana kinnitama, et n\u00f5ustute nende Tingimustega. Tellimuse esitamisega n\u00f5ustute ka veebisaidil avaldatud privaatsuspoliitikaga.<\/p>\n\n\n\n<p>1.3. M\u00fc\u00fcjal on \u00f5igus punktis 6 esitatud teabe p\u00f5hjal k\u00e4esolevaid tingimusi muuta, seega palume enne Kauba tellimist need uuesti l\u00e4bi lugeda, et m\u00f5ista tingimusi, mille alusel oma tellimuse esitate.<\/p>\n\n\n\n<p>1.4. K\u00e4esolevad Tingimused, nagu k\u00f5ik muud M\u00fc\u00fcja ja Ostja vahelised Lepingud, s\u00f5lmitakse leedu keeles.<\/p>\n\n\n\n<hr class=\"wp-block-separator has-alpha-channel-opacity\"\/>\n\n\n\n<h3 class=\"wp-block-heading\">2. Teave m\u00fc\u00fcja kohta<\/h3>\n\n\n\n<p>2.1. K\u00e4esolevad tingimused reguleerivad e-poest kaupade ostmist.&nbsp;<a href=\"https:\/\/snakkybox.com\/ee\/\">https:\/\/snakkybox.com<\/a>.<br>M\u00fc\u00fcja: MB&nbsp;<strong>Snakky grupp<\/strong>, ettev\u00f5tte kood 307029491.<br>E-post:&nbsp;<a>info@snakkybox.com<\/a>.<\/p>\n\n\n\n<hr class=\"wp-block-separator has-alpha-channel-opacity\"\/>\n\n\n\n<h3 class=\"wp-block-heading\">3. M\u00fc\u00fcja \u00f5igused ja kohustused<\/h3>\n\n\n\n<p>3.1. M\u00fc\u00fcja kohustub tegema k\u00f5ik endast oleneva, et tagada Ostjale v\u00f5imalus e-poe pakutavaid teenuseid n\u00f5uetekohaselt kasutada:<\/p>\n\n\n\n<p>3.1.1. M\u00fc\u00fcja teeb k\u00f5ik endast oleneva, et tellimus t\u00e4idetaks \u00f5igeaegselt ja t\u00e4ielikult. Kui erandjuhtudel m\u00f5juvatel p\u00f5hjustel (asjaolud, mida M\u00fc\u00fcja ei saanud eelnevalt ette n\u00e4ha ega kontrollida) ei saa M\u00fc\u00fcja tellitud toodet tarnida, kohustub ta pakkuma Ostjale analoogset v\u00f5i v\u00f5imalikult sarnast toodet. Kui asendustoode on kallim, ei n\u00f5ua M\u00fc\u00fcja lisatasu.<\/p>\n\n\n\n<p>3.1.2. Olulistel p\u00f5hjustel (v\u00f5ttes arvesse muudatusi regulatiivsetes aktides, turutingimuste muutusi v\u00f5i muid objektiivseid aluseid jne) on M\u00fc\u00fcjal \u00f5igus Tingimusi muuta, parandada v\u00f5i t\u00e4iendada, m\u00e4rkides Tingimustes nende viimase muutmise kuup\u00e4eva. Tingimuste muudatused kehtivad uutele tellimustele ega m\u00f5juta juba esitatud, kuid veel t\u00e4itmata tellimusi.<\/p>\n\n\n\n<p>3.1.3. M\u00fc\u00fcjal on ka muud \u00f5igused ja kohustused, mis on s\u00e4testatud k\u00e4esolevates tingimustes ja Leedu Vabariigi \u00f5igusaktides.<\/p>\n\n\n\n<hr class=\"wp-block-separator has-alpha-channel-opacity\"\/>\n\n\n\n<h3 class=\"wp-block-heading\">4. Ostja \u00f5igused ja kohustused<\/h3>\n\n\n\n<p>4.1. Ostjal on \u00f5igus kaup osta\u00a0<a href=\"http:\/\/www.snakky.lt\/\">www.snakky<\/a>box.com elektroonikapood vastavalt k\u00e4esolevatele tingimustele ja Leedu Vabariigi \u00f5igusaktidele.<\/p>\n\n\n\n<p>4.2. Saadetise k\u00e4ttesaamisel peab Ostja kontrollima, kas see on v\u00e4liselt kahjustatud (rebenenud, kortsus v\u00f5i muul viisil kahjustatud), samuti kontrollima, kas k\u00f5ik tellitud Kaubad on k\u00e4tte saadud.<br>Kvaliteetsed, mitteriknevad kaubad v\u00f5i kvaliteetsed kaubad, mis Ostjale kuju, suuruse, v\u00e4rvi, mudeli v\u00f5i pakendi t\u00f5ttu ei meeldi, vahetatakse v\u00f5i tagastatakse vastavalt Leedu Vabariigi Valitsuse 11. juuni 2001. aasta m\u00e4\u00e4rusele nr 697 kinnitatud jaekaubanduse eeskirjadele, Leedu Vabariigi tsiviilseadustikule ja teistele kohaldatavatele \u00f5igusaktidele.<br>Kui Ostja ei ole rahul tarnitud kergesti riknevate kaupade (l\u00fchikese s\u00e4ilivusajaga toiduained ja joogid, sh need, mida tuleb hoida k\u00fclmkapis vastavalt tootja m\u00e4\u00e4ratud temperatuurire\u017eiimile) kvaliteediga, peab Ostja M\u00fc\u00fcjaga \u00fchendust v\u00f5tma hiljemalt 72 tunni jooksul alates kauba kohaletoimetamisest, kirjutades j\u00e4rgmisele e-posti aadressile:&nbsp;<a>info@snakkybox.com<\/a>.<\/p>\n\n\n\n<p>4.3. Ostja on kohustatud tasuma valitud Kauba, selle kohaletoimetamise ja\/v\u00f5i muud lisatasud (kui need on lepingu s\u00f5lmimise ajal m\u00e4rgitud), samuti tellitud Kauba vastu v\u00f5tma.<\/p>\n\n\n\n<p>4.4. Kauba eest saab tasuda Leedus tegutsevate pankade kaudu v\u00f5i maksekaardiga, sisestades selle andmed ostu sooritamisel.<\/p>\n\n\n\n<p>4.5. Ostjal on ka muud \u00f5igused ja kohustused, mis on s\u00e4testatud k\u00e4esolevates tingimustes ja Leedu Vabariigi \u00f5igusaktides.<\/p>\n\n\n\n<hr class=\"wp-block-separator has-alpha-channel-opacity\"\/>\n\n\n\n<h3 class=\"wp-block-heading\">5. Isikuandmete t\u00f6\u00f6tlemine<\/h3>\n\n\n\n<p>5.1. Loetakse, et Ostja sirvides\u00a0<a href=\"http:\/\/www.snakky.lt\/\">www.snakky<\/a>box.com veebisaidil, on lugenud privaatsuspoliitikat ja n\u00f5ustub seda j\u00e4rgima, samuti oma andmete t\u00f6\u00f6tlemisega tellimuse t\u00e4itmise eesm\u00e4rgil. Ostja n\u00f5ustub, et isikuandmeid (nimi, perekonnanimi, e-posti aadress, telefoninumber, k\u00e4ttetoimetamise aadress) t\u00f6\u00f6deldakse e-poes kaupade ja teenuste m\u00fc\u00fcmise eesm\u00e4rgil.<br>Ostjal on \u00f5igus oma isikuandmetega tutvuda, n\u00f5uda nende parandamist, kustutamist v\u00f5i t\u00f6\u00f6tlemise peatamist, kui andmeid t\u00f6\u00f6deldakse normatiivaktide vastaselt, samuti esitada vastuv\u00e4iteid isikuandmete t\u00f6\u00f6tlemisele. Selleks peaks Ostja v\u00f5tma \u00fchendust e-posti teel:\u00a0<a>info@snakkybox.com<\/a>.<\/p>\n\n\n\n<p>5.2. Lisateavet isikuandmete t\u00f6\u00f6tlemise kohta leiate e-poe jaotisest.&nbsp;<strong>Privaatsuspoliitika<\/strong>.<\/p>\n\n\n\n<hr class=\"wp-block-separator has-alpha-channel-opacity\"\/>\n\n\n\n<h3 class=\"wp-block-heading\">6. Teabe saatmine<\/h3>\n\n\n\n<p>6.1. M\u00fc\u00fcja saadab k\u00f5ik teated Ostja poolt esitatud e-posti aadressile.<\/p>\n\n\n\n<p>6.2. Ostja saadab k\u00f5ik teated ja k\u00fcsimused M\u00fc\u00fcja poolt m\u00e4\u00e4ratud kontaktidele (e-post <a><a>info@snakkybox.com<\/a><\/a>\u00a0v\u00f5i telefonil +37069831572).<\/p>\n\n\n\n<hr class=\"wp-block-separator has-alpha-channel-opacity\"\/>\n\n\n\n<h3 class=\"wp-block-heading\">7. Tellimus<\/h3>\n\n\n\n<p>7.1.\u00a0<strong>P\u00f5hiprintsiibid.<\/strong><br>Kuutellimus tellitakse veebilehelt\u00a0<a href=\"https:\/\/snakkybox.com\/ee\/prenumerata\/\">https:\/\/snakkybox.com<\/a>, valides tellimusperioodi \u2013 1, 3, 6 v\u00f5i 12 kuud. Tellimuse vormistamisega kohustute selle valitud perioodi jooksul k\u00e4tte saama ja n\u00f5ustute, et kuutasu debiteeritakse teie pangakaardilt automaatselt. Iga kuu saadetakse teile pakk erinevate suupistetega uuest riigist (magusad, soolased jne). Toodete kogus ja koostis v\u00f5ivad iga kuu erineda ning klient ei saa valida karbi sisu ega konkreetset riiki. Tellimuse karp saadetakse tellimuses m\u00e4rgitud aadressile. Tarnekulud kannab klient, kui veebisaidil ei ole teisiti m\u00e4rgitud.<\/p>\n\n\n\n<p>7.2.&nbsp;<strong>Arveldamine ja maksed.<\/strong><br>Tellimustasu tuleb tasuda t\u00e4ies ulatuses enne Snakky suupistekarbi kohaletoimetamist. Esimene makse on ainult esimese kuu eest, kuid j\u00e4rgnevad maksed arvatakse automaatselt maha kuu samal p\u00e4eval. V\u00f5ivad lisanduda kohalikud maksud v\u00f5i k\u00e4ibemaks. Maksed tehakse otse Snakkyle v\u00f5i kolmanda osapoole makseteenuse pakkuja kaudu.<\/p>\n\n\n\n<p>7.3.&nbsp;<strong>Tellimuse uuendamine.<\/strong><br>Tellimus uuendatakse automaatselt. Seda ei saa enne valitud perioodi l\u00f5ppu t\u00fchistada ilma allahindlust tagastamata. T\u00fchistamine tuleb teha kuu esimeseks p\u00e4evaks.<\/p>\n\n\n\n<p>7.4.&nbsp;<strong>Kohaletoimetamine ja riskid.<\/strong><br>Esimene saadetis saadetakse teele 5 p\u00e4eva jooksul. Pretensioonid tuleb esitada 30 p\u00e4eva jooksul alates ostukuup\u00e4evast.<\/p>\n\n\n\n<p>7.5.&nbsp;<strong>Tellimuse t\u00fchistamine.<\/strong><br>Saate oma tellimuse t\u00fchistada, v\u00f5ttes \u00fchendust Snakky meeskonnaga. Snakky j\u00e4tab endale \u00f5iguse teie tellimus ette teatamata t\u00fchistada.<\/p>\n\n\n\n<p>7.6.&nbsp;<strong>Vastutuse piiramine.<\/strong><br>Snakky ei vastuta Toodete kasutamisest tulenevate kahjude eest. Ainsaks abin\u00f5uks on mittevastava toote asendamine j\u00e4rgmise tellimussaadetisega.<\/p>\n\n\n\n<hr class=\"wp-block-separator has-alpha-channel-opacity\"\/>\n\n\n\n<h3 class=\"wp-block-heading\">8. L\u00f5pps\u00e4tted<\/h3>\n\n\n\n<p>8.1. K\u00f5ik vaidlused lahendatakse l\u00e4bir\u00e4\u00e4kimiste teel. Kui kokkuleppele ei j\u00f5uta, lahendatakse vaidlused vastavalt Leedu Vabariigi \u00f5igusaktidele.<\/p>\n\n\n\n<p>8.2. Ostja-tarbija esitab esmalt kirjaliku kaebuse M\u00fc\u00fcjale. Kui vastus teda ei rahulda, v\u00f5ib Ostja p\u00f6\u00f6rduda Tarbijakaitseameti v\u00f5i EL-i veebip\u00f5hise vaidluste lahendamise platvormi poole:&nbsp;<a href=\"https:\/\/ec.europa.eu\/odr\/\">https:\/\/ec.europa.eu\/odr\/<\/a>.<\/p>","protected":false},"excerpt":{"rendered":"<p>1. Visp\u0101r\u012bgie noteikumi 1.1. \u0160ie pirk\u0161anas noteikumi ir paredz\u0113ti inform\u0101cijas snieg\u0161anai par MB&nbsp;Snakky group, uz\u0146\u0113muma kods 307029491 (turpm\u0101k \u2013&nbsp;P\u0101rdev\u0113js), k\u0101 ar\u012b pre\u010du (turpm\u0101k \u2013&nbsp;Preces) p\u0101rdo\u0161anas nosac\u012bjumu (turpm\u0101k \u2013&nbsp;Noteikumi) izskaidro\u0161anai pirc\u0113jam. P\u0101rtikas aprites subjekta apliec\u012bbas numurs \u2013 380000759. 1.2. \u0160ie Noteikumi ir paredz\u0113ti ar\u012b k\u0101 pamats l\u012bgumu sl\u0113g\u0161anai starp P\u0101rdev\u0113ju un Pirc\u0113ju par Pre\u010du p\u0101rdo\u0161anu (turpm\u0101k [&hellip;]<\/p>","protected":false},"author":1,"featured_media":0,"parent":0,"menu_order":0,"comment_status":"closed","ping_status":"closed","template":"","meta":{"footnotes":""},"class_list":["post-13","page","type-page","status-publish","hentry"],"yoast_head":"<!-- This site is optimized with the Yoast SEO plugin v23.2 - https:\/\/yoast.com\/wordpress\/plugins\/seo\/ -->\n<title>Pirk\u0161anas noteikumi - Snakky<\/title>\n<meta name=\"robots\" content=\"index, follow, max-snippet:-1, max-image-preview:large, max-video-preview:-1\" \/>\n<link rel=\"canonical\" href=\"https:\/\/snakkybox.com\/ee\/pirksanas-noteikumi\/\" \/>\n<meta property=\"og:locale\" content=\"et_EE\" \/>\n<meta property=\"og:type\" content=\"article\" \/>\n<meta property=\"og:title\" content=\"Pirk\u0161anas noteikumi - Snakky\" \/>\n<meta property=\"og:description\" content=\"1. Visp\u0101r\u012bgie noteikumi 1.1. \u0160ie pirk\u0161anas noteikumi ir paredz\u0113ti inform\u0101cijas snieg\u0161anai par MB&nbsp;Snakky group, uz\u0146\u0113muma kods 307029491 (turpm\u0101k \u2013&nbsp;P\u0101rdev\u0113js), k\u0101 ar\u012b pre\u010du (turpm\u0101k \u2013&nbsp;Preces) p\u0101rdo\u0161anas nosac\u012bjumu (turpm\u0101k \u2013&nbsp;Noteikumi) izskaidro\u0161anai pirc\u0113jam. P\u0101rtikas aprites subjekta apliec\u012bbas numurs \u2013 380000759. 1.2. \u0160ie Noteikumi ir paredz\u0113ti ar\u012b k\u0101 pamats l\u012bgumu sl\u0113g\u0161anai starp P\u0101rdev\u0113ju un Pirc\u0113ju par Pre\u010du p\u0101rdo\u0161anu (turpm\u0101k [&hellip;]\" \/>\n<meta property=\"og:url\" content=\"https:\/\/snakkybox.com\/ee\/pirksanas-noteikumi\/\" \/>\n<meta property=\"og:site_name\" content=\"Snakky\" \/>\n<meta property=\"article:modified_time\" content=\"2025-12-31T08:18:31+00:00\" \/>\n<meta name=\"twitter:card\" content=\"summary_large_image\" \/>\n<meta name=\"twitter:label1\" content=\"Est. reading time\" \/>\n\t<meta name=\"twitter:data1\" content=\"5 minutit\" \/>\n<script type=\"application\/ld+json\" class=\"yoast-schema-graph\">{\"@context\":\"https:\/\/schema.org\",\"@graph\":[{\"@type\":\"WebPage\",\"@id\":\"https:\/\/snakkybox.com\/pirksanas-noteikumi\/\",\"url\":\"https:\/\/snakkybox.com\/pirksanas-noteikumi\/\",\"name\":\"Pirk\u0161anas noteikumi - Snakky\",\"isPartOf\":{\"@id\":\"https:\/\/snakkybox.com\/#website\"},\"datePublished\":\"2024-07-31T11:33:02+00:00\",\"dateModified\":\"2025-12-31T08:18:31+00:00\",\"breadcrumb\":{\"@id\":\"https:\/\/snakkybox.com\/pirksanas-noteikumi\/#breadcrumb\"},\"inLanguage\":\"et\",\"potentialAction\":[{\"@type\":\"ReadAction\",\"target\":[\"https:\/\/snakkybox.com\/pirksanas-noteikumi\/\"]}]},{\"@type\":\"BreadcrumbList\",\"@id\":\"https:\/\/snakkybox.com\/pirksanas-noteikumi\/#breadcrumb\",\"itemListElement\":[{\"@type\":\"ListItem\",\"position\":1,\"name\":\"Prad\u017eia\",\"item\":\"https:\/\/snakkybox.com\/\"},{\"@type\":\"ListItem\",\"position\":2,\"name\":\"Pirk\u0161anas noteikumi\"}]},{\"@type\":\"WebSite\",\"@id\":\"https:\/\/snakkybox.com\/#website\",\"url\":\"https:\/\/snakkybox.com\/\",\"name\":\"Snakky\",\"description\":\"\",\"publisher\":{\"@id\":\"https:\/\/snakkybox.com\/#organization\"},\"potentialAction\":[{\"@type\":\"SearchAction\",\"target\":{\"@type\":\"EntryPoint\",\"urlTemplate\":\"https:\/\/snakkybox.com\/?s={search_term_string}\"},\"query-input\":\"required name=search_term_string\"}],\"inLanguage\":\"et\"},{\"@type\":\"Organization\",\"@id\":\"https:\/\/snakkybox.com\/#organization\",\"name\":\"Snakky\",\"url\":\"https:\/\/snakkybox.com\/\",\"logo\":{\"@type\":\"ImageObject\",\"inLanguage\":\"et\",\"@id\":\"https:\/\/snakkybox.com\/#\/schema\/logo\/image\/\",\"url\":\"https:\/\/snakkybox.com\/wp-content\/uploads\/2025\/12\/snakky-logo.png\",\"contentUrl\":\"https:\/\/snakkybox.com\/wp-content\/uploads\/2025\/12\/snakky-logo.png\",\"width\":1318,\"height\":1170,\"caption\":\"Snakky\"},\"image\":{\"@id\":\"https:\/\/snakkybox.com\/#\/schema\/logo\/image\/\"}}]}<\/script>\n<!-- \/ Yoast SEO plugin. -->","yoast_head_json":{"title":"Pirk\u0161anas noteikumi - Snakky","robots":{"index":"index","follow":"follow","max-snippet":"max-snippet:-1","max-image-preview":"max-image-preview:large","max-video-preview":"max-video-preview:-1"},"canonical":"https:\/\/snakkybox.com\/ee\/pirksanas-noteikumi\/","og_locale":"et_EE","og_type":"article","og_title":"Pirk\u0161anas noteikumi - Snakky","og_description":"1. Visp\u0101r\u012bgie noteikumi 1.1. \u0160ie pirk\u0161anas noteikumi ir paredz\u0113ti inform\u0101cijas snieg\u0161anai par MB&nbsp;Snakky group, uz\u0146\u0113muma kods 307029491 (turpm\u0101k \u2013&nbsp;P\u0101rdev\u0113js), k\u0101 ar\u012b pre\u010du (turpm\u0101k \u2013&nbsp;Preces) p\u0101rdo\u0161anas nosac\u012bjumu (turpm\u0101k \u2013&nbsp;Noteikumi) izskaidro\u0161anai pirc\u0113jam. P\u0101rtikas aprites subjekta apliec\u012bbas numurs \u2013 380000759. 1.2. \u0160ie Noteikumi ir paredz\u0113ti ar\u012b k\u0101 pamats l\u012bgumu sl\u0113g\u0161anai starp P\u0101rdev\u0113ju un Pirc\u0113ju par Pre\u010du p\u0101rdo\u0161anu (turpm\u0101k [&hellip;]","og_url":"https:\/\/snakkybox.com\/ee\/pirksanas-noteikumi\/","og_site_name":"Snakky","article_modified_time":"2025-12-31T08:18:31+00:00","twitter_card":"summary_large_image","twitter_misc":{"Est. reading time":"5 minutit"},"schema":{"@context":"https:\/\/schema.org","@graph":[{"@type":"WebPage","@id":"https:\/\/snakkybox.com\/pirksanas-noteikumi\/","url":"https:\/\/snakkybox.com\/pirksanas-noteikumi\/","name":"Pirk\u0161anas noteikumi - Snakky","isPartOf":{"@id":"https:\/\/snakkybox.com\/#website"},"datePublished":"2024-07-31T11:33:02+00:00","dateModified":"2025-12-31T08:18:31+00:00","breadcrumb":{"@id":"https:\/\/snakkybox.com\/pirksanas-noteikumi\/#breadcrumb"},"inLanguage":"et","potentialAction":[{"@type":"ReadAction","target":["https:\/\/snakkybox.com\/pirksanas-noteikumi\/"]}]},{"@type":"BreadcrumbList","@id":"https:\/\/snakkybox.com\/pirksanas-noteikumi\/#breadcrumb","itemListElement":[{"@type":"ListItem","position":1,"name":"Prad\u017eia","item":"https:\/\/snakkybox.com\/"},{"@type":"ListItem","position":2,"name":"Pirk\u0161anas noteikumi"}]},{"@type":"WebSite","@id":"https:\/\/snakkybox.com\/#website","url":"https:\/\/snakkybox.com\/","name":"Snakky","description":"","publisher":{"@id":"https:\/\/snakkybox.com\/#organization"},"potentialAction":[{"@type":"SearchAction","target":{"@type":"EntryPoint","urlTemplate":"https:\/\/snakkybox.com\/?s={search_term_string}"},"query-input":"required name=search_term_string"}],"inLanguage":"et"},{"@type":"Organization","@id":"https:\/\/snakkybox.com\/#organization","name":"Snakky","url":"https:\/\/snakkybox.com\/","logo":{"@type":"ImageObject","inLanguage":"et","@id":"https:\/\/snakkybox.com\/#\/schema\/logo\/image\/","url":"https:\/\/snakkybox.com\/wp-content\/uploads\/2025\/12\/snakky-logo.png","contentUrl":"https:\/\/snakkybox.com\/wp-content\/uploads\/2025\/12\/snakky-logo.png","width":1318,"height":1170,"caption":"Snakky"},"image":{"@id":"https:\/\/snakkybox.com\/#\/schema\/logo\/image\/"}}]}},"_links":{"self":[{"href":"https:\/\/snakkybox.com\/ee\/wp-json\/wp\/v2\/pages\/13","targetHints":{"allow":["GET"]}}],"collection":[{"href":"https:\/\/snakkybox.com\/ee\/wp-json\/wp\/v2\/pages"}],"about":[{"href":"https:\/\/snakkybox.com\/ee\/wp-json\/wp\/v2\/types\/page"}],"author":[{"embeddable":true,"href":"https:\/\/snakkybox.com\/ee\/wp-json\/wp\/v2\/users\/1"}],"replies":[{"embeddable":true,"href":"https:\/\/snakkybox.com\/ee\/wp-json\/wp\/v2\/comments?post=13"}],"version-history":[{"count":7,"href":"https:\/\/snakkybox.com\/ee\/wp-json\/wp\/v2\/pages\/13\/revisions"}],"predecessor-version":[{"id":12057,"href":"https:\/\/snakkybox.com\/ee\/wp-json\/wp\/v2\/pages\/13\/revisions\/12057"}],"wp:attachment":[{"href":"https:\/\/snakkybox.com\/ee\/wp-json\/wp\/v2\/media?parent=13"}],"curies":[{"name":"wp","href":"https:\/\/api.w.org\/{rel}","templated":true}]}}