{"id":3,"date":"2024-07-30T05:45:43","date_gmt":"2024-07-30T05:45:43","guid":{"rendered":"https:\/\/snakkybox.com\/?page_id=3"},"modified":"2025-12-27T10:29:20","modified_gmt":"2025-12-27T08:29:20","slug":"privatuma-politika","status":"publish","type":"page","link":"https:\/\/snakkybox.com\/ee\/privatuma-politika\/","title":{"rendered":"Privaatsuspoliitika"},"content":{"rendered":"<h2 class=\"wp-block-heading\">Snakkybox.com privaatsuspoliitika<\/h2>\n\n\n\n<p>Veebisaidil&nbsp;<strong>SNAKKY<\/strong>, mis on saadaval aadressil&nbsp;<a href=\"https:\/\/snakkybox.com\/ee\/\">https:\/\/snakkybox.com<\/a>, on meie \u00fcks peamisi prioriteete k\u00fclastajate privaatsus. See dokument \u2013&nbsp;<strong>Privaatsuspoliitika<\/strong>&nbsp;\u2013 kirjeldab SNAKKY kogutava ja s\u00e4ilitatava teabe liike ning seda, kuidas seda teavet kasutatakse.<\/p>\n\n\n\n<p>Kui teil on lisak\u00fcsimusi v\u00f5i soovite meie privaatsuspoliitika kohta lisateavet, v\u00f5tke meiega \u00fchendust.<\/p>\n\n\n\n<p>See privaatsuspoliitika kehtib ainult meie digitaalse tegevuse kohta ja on kohaldatav ainult meie veebisaidi k\u00fclastajatele, samuti SNAKKY veebisaidil jagatud v\u00f5i kogutud teabele. See ei kehti teabe kohta, mis on kogutud v\u00f5rgu\u00fchenduseta v\u00f5i muude kanalite kui see veebisait kaudu.<\/p>\n\n\n\n<hr class=\"wp-block-separator has-alpha-channel-opacity\"\/>\n\n\n\n<h2 class=\"wp-block-heading\">N\u00f5usolek<\/h2>\n\n\n\n<p>Meie veebisaiti kasutades n\u00f5ustute meie privaatsuspoliitika ja selle tingimustega.<\/p>\n\n\n\n<hr class=\"wp-block-separator has-alpha-channel-opacity\"\/>\n\n\n\n<h2 class=\"wp-block-heading\">Meie kogutav teave<\/h2>\n\n\n\n<p>Isikuandmed, mida teilt k\u00fcsitakse, ja p\u00f5hjused, miks neid k\u00fcsitakse, m\u00e4rgitakse selgelt \u00e4ra ajal, mil palume teil oma isikuandmeid esitada.<\/p>\n\n\n\n<p>Kui te meiega otse \u00fchendust v\u00f5tate, v\u00f5ime saada teie kohta lisateavet, n\u00e4iteks teie nime, e-posti aadressi, telefoninumbrit, s\u00f5numi sisu ja\/v\u00f5i mis tahes manuste sisu, samuti muud teavet, mida te otsustate esitada.<\/p>\n\n\n\n<p>Kui registreerute v\u00f5i t\u00e4idate k\u00fcsitluse, v\u00f5ime paluda teil esitada kontaktandmeid, n\u00e4iteks teie nimi, ettev\u00f5tte nimi, aadress, e-posti aadress ja telefoninumber.<\/p>\n\n\n\n<hr class=\"wp-block-separator has-alpha-channel-opacity\"\/>\n\n\n\n<h2 class=\"wp-block-heading\">Kuidas me teie teavet kasutame<\/h2>\n\n\n\n<p>Kogutud teavet kasutame mitmel viisil, sealhulgas:<\/p>\n\n\n\n<ul class=\"wp-block-list\">\n<li>veebisaidi toimimise ja hoolduse tagamiseks;<\/li>\n\n\n\n<li>veebisaidi t\u00e4iustamiseks, isikup\u00e4rastamiseks ja arendamiseks;<\/li>\n\n\n\n<li>m\u00f5ista, kuidas kasutajad meie veebisaiti kasutavad;<\/li>\n\n\n\n<li>uute toodete, teenuste ja funktsioonide arendamiseks;<\/li>\n\n\n\n<li>teiega otse v\u00f5i meie partnerite kaudu suhtlemiseks, sealhulgas klienditeeninduse eesm\u00e4rgil, uudiste ja muu teabe edastamiseks meie veebisaidi kohta, samuti turundus- ja reklaami eesm\u00e4rgil;<\/li>\n\n\n\n<li>e-kirjade saatmiseks;<\/li>\n\n\n\n<li>pettuste avastamiseks ja ennetamiseks.<\/li>\n<\/ul>\n\n\n\n<hr class=\"wp-block-separator has-alpha-channel-opacity\"\/>\n\n\n\n<h2 class=\"wp-block-heading\">Logifailid<\/h2>\n\n\n\n<p>SNAKKY veebisait kasutab standardseid logifailide protseduure. Need failid registreerivad k\u00fclastajaid veebisaitide k\u00fclastamise ajal. K\u00f5ik majutusettev\u00f5tted teevad seda ja see on osa majutusteenuse anal\u00fc\u00fctikast.<\/p>\n\n\n\n<p>Logifailidesse kogutud teave sisaldab IP-aadresse, brauseri t\u00fc\u00fcpi, internetiteenuse pakkujat (ISP), kuup\u00e4eva ja kellaaega, viitavaid\/v\u00e4ljumislehti ning v\u00f5imalik, et ka klikkide arvu. See teave ei ole seotud isikuandmetega. Seda kasutatakse trendide anal\u00fc\u00fcsimiseks, saidi haldamiseks, kasutajate tegevuse j\u00e4lgimiseks ja demograafilise teabe kogumiseks.<\/p>\n\n\n\n<hr class=\"wp-block-separator has-alpha-channel-opacity\"\/>\n\n\n\n<h2 class=\"wp-block-heading\">K\u00fcpsised ja veebimajakad<\/h2>\n\n\n\n<p>Nagu paljud teisedki veebisaidid, kasutab ka SNAKKY k\u00fcpsiseid. K\u00fcpsiseid kasutatakse k\u00fclastajate eelistuste ja vaadatud lehtede kohta teabe salvestamiseks. Seda teavet kasutatakse kasutajakogemuse optimeerimiseks, kohandades saidi sisu k\u00fclastajate brauserit\u00fc\u00fcbile ja\/v\u00f5i muule teabele.<\/p>\n\n\n\n<p>K\u00fcpsiste kohta lisateabe saamiseks lugege palun artiklit&nbsp;<strong>\u201c&quot;Mis on k\u00fcpsised&quot;\u201d<\/strong>.<\/p>\n\n\n\n<hr class=\"wp-block-separator has-alpha-channel-opacity\"\/>\n\n\n\n<h2 class=\"wp-block-heading\">Reklaamipartnerite privaatsuspoliitikad<\/h2>\n\n\n\n<p>Selles jaotises saate lugeda iga SNAKKY veebisaidi reklaamipartneri privaatsuspoliitikat.<\/p>\n\n\n\n<p>Kolmandate osapoolte reklaamiserverid v\u00f5i platvormid kasutavad SNAKKY veebisaidil kuvatavates reklaamides ja linkides selliseid tehnoloogiaid nagu k\u00fcpsised, JavaScript v\u00f5i veebimajakad, mis saadetakse otse k\u00fclastaja brauserisse. Sellisel juhul saavad nad automaatselt teie IP-aadressi.<\/p>\n\n\n\n<p>Neid tehnoloogiaid kasutatakse reklaamikampaaniate t\u00f5hususe m\u00f5\u00f5tmiseks ja\/v\u00f5i teie k\u00fclastatavatel veebisaitidel kuvatava reklaamisisu isikup\u00e4rastamiseks.<\/p>\n\n\n\n<p>SNAKKY-l puudub juurdep\u00e4\u00e4s kolmandate osapoolte reklaamijate kasutatavatele k\u00fcpsistele ega kontroll nende \u00fcle.<\/p>\n\n\n\n<hr class=\"wp-block-separator has-alpha-channel-opacity\"\/>\n\n\n\n<h2 class=\"wp-block-heading\">Kolmandate osapoolte privaatsuspoliitikad<\/h2>\n\n\n\n<p>SNAKKY privaatsuspoliitika ei kehti teistele reklaamijatele ega veebisaitidele. Seet\u00f5ttu soovitame teil tutvuda asjaomaste kolmandate osapoolte reklaamiserverite privaatsuspoliitikatega, et saada \u00fcksikasjalikumat teavet nende tavade ja teatud valikutest loobumise v\u00f5imaluste kohta.<\/p>\n\n\n\n<p>K\u00fcpsiseid saab brauseri seadetes keelata. Lisateavet k\u00fcpsiste haldamise kohta konkreetsetes brauserites leiate vastavate brauserite ametlikelt veebisaitidelt.<\/p>\n\n\n\n<hr class=\"wp-block-separator has-alpha-channel-opacity\"\/>\n\n\n\n<h2 class=\"wp-block-heading\">GDPR-i andmekaitse\u00f5igused<\/h2>\n\n\n\n<p>Soovime tagada, et olete oma andmekaitse\u00f5igustest t\u00e4ielikult teadlik. Igal kasutajal on j\u00e4rgmised \u00f5igused:<\/p>\n\n\n\n<ul class=\"wp-block-list\">\n<li><strong>\u00d5igus andmetele juurde p\u00e4\u00e4seda<\/strong>\u00a0\u2013 teil on \u00f5igus taotleda oma isikuandmete koopiaid. Selle teenuse eest v\u00f5idakse k\u00fcsida v\u00e4ikest tasu.<\/li>\n\n\n\n<li><strong>\u00d5igus parandamisele<\/strong>\u00a0\u2013 teil on \u00f5igus n\u00f5uda ebat\u00e4pse teabe parandamist v\u00f5i mittet\u00e4ieliku teabe t\u00e4iendamist.<\/li>\n\n\n\n<li><strong>\u00d5igus kustutamisele<\/strong>\u00a0\u2013 teatud asjaoludel on teil \u00f5igus n\u00f5uda oma isikuandmete kustutamist.<\/li>\n\n\n\n<li><strong>\u00d5igus t\u00f6\u00f6tlemise piiramisele<\/strong>\u00a0\u2013 teatud asjaoludel on teil \u00f5igus n\u00f5uda oma isikuandmete t\u00f6\u00f6tlemise piiramist.<\/li>\n\n\n\n<li><strong>\u00d5igus t\u00f6\u00f6tlemisele vastuv\u00e4iteid esitada<\/strong>\u00a0\u2013 teatud tingimustel on teil \u00f5igus oma isikuandmete t\u00f6\u00f6tlemisele vastuv\u00e4iteid esitada.<\/li>\n\n\n\n<li><strong>\u00d5igus andmete \u00fclekandmisele<\/strong>\u00a0\u2013 teatud asjaoludel on teil \u00f5igus n\u00f5uda meie kogutud andmete edastamist teisele organisatsioonile v\u00f5i teile.<\/li>\n<\/ul>\n\n\n\n<p>Vastame igale p\u00e4ringule \u00fche kuu jooksul. Nende \u00f5iguste teostamiseks v\u00f5tke meiega \u00fchendust.<\/p>\n\n\n\n<hr class=\"wp-block-separator has-alpha-channel-opacity\"\/>\n\n\n\n<h2 class=\"wp-block-heading\">Teave laste kohta<\/h2>\n\n\n\n<p>Teine meie prioriteet on laste kaitsmine interneti kasutamisel. Me julgustame vanemaid ja eestkostjaid j\u00e4lgima, osalema ja\/v\u00f5i kontrollima oma laste veebitegevust.<\/p>\n\n\n\n<p>SNAKKY veebisait ei kogu teadlikult alla 13-aastaste laste isikuandmeid. Kui usute, et teie laps on meie veebisaidil sellist teavet esitanud, v\u00f5tke meiega viivitamatult \u00fchendust ja me teeme k\u00f5ik endast oleneva, et see teave oma andmetest viivitamatult kustutada.<\/p>","protected":false},"excerpt":{"rendered":"<p>Snakkybox.com Priv\u0101tuma politika Interneta vietn\u0113&nbsp;SNAKKY, kas ir pieejama adres\u0113&nbsp;https:\/\/snakkybox.com, viena no m\u016bsu galvenaj\u0101m priorit\u0101t\u0113m ir m\u016bsu apmekl\u0113t\u0101ju priv\u0101tums. \u0160is dokuments \u2013&nbsp;Priv\u0101tuma politika&nbsp;\u2013 apraksta inform\u0101cijas veidus, ko SNAKKY apkopo un uzglab\u0101, k\u0101 ar\u012b to, k\u0101 \u0161\u012b inform\u0101cija tiek izmantota. Ja jums ir papildu jaut\u0101jumi vai v\u0113laties sa\u0146emt vair\u0101k inform\u0101cijas par m\u016bsu Priv\u0101tuma politiku, l\u016bdzu, sazinieties ar [&hellip;]<\/p>","protected":false},"author":1,"featured_media":0,"parent":0,"menu_order":0,"comment_status":"closed","ping_status":"closed","template":"","meta":{"footnotes":""},"class_list":["post-3","page","type-page","status-publish","hentry"],"yoast_head":"<!-- This site is optimized with the Yoast SEO plugin v23.2 - https:\/\/yoast.com\/wordpress\/plugins\/seo\/ -->\n<title>Priv\u0101tuma politika - Snakky<\/title>\n<meta name=\"robots\" content=\"index, follow, max-snippet:-1, max-image-preview:large, max-video-preview:-1\" \/>\n<link rel=\"canonical\" href=\"https:\/\/snakkybox.com\/ee\/privatuma-politika\/\" \/>\n<meta property=\"og:locale\" content=\"et_EE\" \/>\n<meta property=\"og:type\" content=\"article\" \/>\n<meta property=\"og:title\" content=\"Priv\u0101tuma politika - Snakky\" \/>\n<meta property=\"og:description\" content=\"Snakkybox.com Priv\u0101tuma politika Interneta vietn\u0113&nbsp;SNAKKY, kas ir pieejama adres\u0113&nbsp;https:\/\/snakkybox.com, viena no m\u016bsu galvenaj\u0101m priorit\u0101t\u0113m ir m\u016bsu apmekl\u0113t\u0101ju priv\u0101tums. \u0160is dokuments \u2013&nbsp;Priv\u0101tuma politika&nbsp;\u2013 apraksta inform\u0101cijas veidus, ko SNAKKY apkopo un uzglab\u0101, k\u0101 ar\u012b to, k\u0101 \u0161\u012b inform\u0101cija tiek izmantota. Ja jums ir papildu jaut\u0101jumi vai v\u0113laties sa\u0146emt vair\u0101k inform\u0101cijas par m\u016bsu Priv\u0101tuma politiku, l\u016bdzu, sazinieties ar [&hellip;]\" \/>\n<meta property=\"og:url\" content=\"https:\/\/snakkybox.com\/ee\/privatuma-politika\/\" \/>\n<meta property=\"og:site_name\" content=\"Snakky\" \/>\n<meta property=\"article:modified_time\" content=\"2025-12-27T08:29:20+00:00\" \/>\n<meta name=\"twitter:card\" content=\"summary_large_image\" \/>\n<meta name=\"twitter:label1\" content=\"Est. reading time\" \/>\n\t<meta name=\"twitter:data1\" content=\"5 minutit\" \/>\n<script type=\"application\/ld+json\" class=\"yoast-schema-graph\">{\"@context\":\"https:\/\/schema.org\",\"@graph\":[{\"@type\":\"WebPage\",\"@id\":\"https:\/\/snakkybox.com\/privatuma-politika\/\",\"url\":\"https:\/\/snakkybox.com\/privatuma-politika\/\",\"name\":\"Priv\u0101tuma politika - Snakky\",\"isPartOf\":{\"@id\":\"https:\/\/snakkybox.com\/#website\"},\"datePublished\":\"2024-07-30T05:45:43+00:00\",\"dateModified\":\"2025-12-27T08:29:20+00:00\",\"breadcrumb\":{\"@id\":\"https:\/\/snakkybox.com\/privatuma-politika\/#breadcrumb\"},\"inLanguage\":\"et\",\"potentialAction\":[{\"@type\":\"ReadAction\",\"target\":[\"https:\/\/snakkybox.com\/privatuma-politika\/\"]}]},{\"@type\":\"BreadcrumbList\",\"@id\":\"https:\/\/snakkybox.com\/privatuma-politika\/#breadcrumb\",\"itemListElement\":[{\"@type\":\"ListItem\",\"position\":1,\"name\":\"Prad\u017eia\",\"item\":\"https:\/\/snakkybox.com\/\"},{\"@type\":\"ListItem\",\"position\":2,\"name\":\"Priv\u0101tuma politika\"}]},{\"@type\":\"WebSite\",\"@id\":\"https:\/\/snakkybox.com\/#website\",\"url\":\"https:\/\/snakkybox.com\/\",\"name\":\"Snakky\",\"description\":\"\",\"publisher\":{\"@id\":\"https:\/\/snakkybox.com\/#organization\"},\"potentialAction\":[{\"@type\":\"SearchAction\",\"target\":{\"@type\":\"EntryPoint\",\"urlTemplate\":\"https:\/\/snakkybox.com\/?s={search_term_string}\"},\"query-input\":\"required name=search_term_string\"}],\"inLanguage\":\"et\"},{\"@type\":\"Organization\",\"@id\":\"https:\/\/snakkybox.com\/#organization\",\"name\":\"Snakky\",\"url\":\"https:\/\/snakkybox.com\/\",\"logo\":{\"@type\":\"ImageObject\",\"inLanguage\":\"et\",\"@id\":\"https:\/\/snakkybox.com\/#\/schema\/logo\/image\/\",\"url\":\"https:\/\/snakkybox.com\/wp-content\/uploads\/2025\/12\/snakky-logo.png\",\"contentUrl\":\"https:\/\/snakkybox.com\/wp-content\/uploads\/2025\/12\/snakky-logo.png\",\"width\":1318,\"height\":1170,\"caption\":\"Snakky\"},\"image\":{\"@id\":\"https:\/\/snakkybox.com\/#\/schema\/logo\/image\/\"}}]}<\/script>\n<!-- \/ Yoast SEO plugin. -->","yoast_head_json":{"title":"Priv\u0101tuma politika - Snakky","robots":{"index":"index","follow":"follow","max-snippet":"max-snippet:-1","max-image-preview":"max-image-preview:large","max-video-preview":"max-video-preview:-1"},"canonical":"https:\/\/snakkybox.com\/ee\/privatuma-politika\/","og_locale":"et_EE","og_type":"article","og_title":"Priv\u0101tuma politika - Snakky","og_description":"Snakkybox.com Priv\u0101tuma politika Interneta vietn\u0113&nbsp;SNAKKY, kas ir pieejama adres\u0113&nbsp;https:\/\/snakkybox.com, viena no m\u016bsu galvenaj\u0101m priorit\u0101t\u0113m ir m\u016bsu apmekl\u0113t\u0101ju priv\u0101tums. \u0160is dokuments \u2013&nbsp;Priv\u0101tuma politika&nbsp;\u2013 apraksta inform\u0101cijas veidus, ko SNAKKY apkopo un uzglab\u0101, k\u0101 ar\u012b to, k\u0101 \u0161\u012b inform\u0101cija tiek izmantota. Ja jums ir papildu jaut\u0101jumi vai v\u0113laties sa\u0146emt vair\u0101k inform\u0101cijas par m\u016bsu Priv\u0101tuma politiku, l\u016bdzu, sazinieties ar [&hellip;]","og_url":"https:\/\/snakkybox.com\/ee\/privatuma-politika\/","og_site_name":"Snakky","article_modified_time":"2025-12-27T08:29:20+00:00","twitter_card":"summary_large_image","twitter_misc":{"Est. reading time":"5 minutit"},"schema":{"@context":"https:\/\/schema.org","@graph":[{"@type":"WebPage","@id":"https:\/\/snakkybox.com\/privatuma-politika\/","url":"https:\/\/snakkybox.com\/privatuma-politika\/","name":"Priv\u0101tuma politika - Snakky","isPartOf":{"@id":"https:\/\/snakkybox.com\/#website"},"datePublished":"2024-07-30T05:45:43+00:00","dateModified":"2025-12-27T08:29:20+00:00","breadcrumb":{"@id":"https:\/\/snakkybox.com\/privatuma-politika\/#breadcrumb"},"inLanguage":"et","potentialAction":[{"@type":"ReadAction","target":["https:\/\/snakkybox.com\/privatuma-politika\/"]}]},{"@type":"BreadcrumbList","@id":"https:\/\/snakkybox.com\/privatuma-politika\/#breadcrumb","itemListElement":[{"@type":"ListItem","position":1,"name":"Prad\u017eia","item":"https:\/\/snakkybox.com\/"},{"@type":"ListItem","position":2,"name":"Priv\u0101tuma politika"}]},{"@type":"WebSite","@id":"https:\/\/snakkybox.com\/#website","url":"https:\/\/snakkybox.com\/","name":"Snakky","description":"","publisher":{"@id":"https:\/\/snakkybox.com\/#organization"},"potentialAction":[{"@type":"SearchAction","target":{"@type":"EntryPoint","urlTemplate":"https:\/\/snakkybox.com\/?s={search_term_string}"},"query-input":"required name=search_term_string"}],"inLanguage":"et"},{"@type":"Organization","@id":"https:\/\/snakkybox.com\/#organization","name":"Snakky","url":"https:\/\/snakkybox.com\/","logo":{"@type":"ImageObject","inLanguage":"et","@id":"https:\/\/snakkybox.com\/#\/schema\/logo\/image\/","url":"https:\/\/snakkybox.com\/wp-content\/uploads\/2025\/12\/snakky-logo.png","contentUrl":"https:\/\/snakkybox.com\/wp-content\/uploads\/2025\/12\/snakky-logo.png","width":1318,"height":1170,"caption":"Snakky"},"image":{"@id":"https:\/\/snakkybox.com\/#\/schema\/logo\/image\/"}}]}},"_links":{"self":[{"href":"https:\/\/snakkybox.com\/ee\/wp-json\/wp\/v2\/pages\/3","targetHints":{"allow":["GET"]}}],"collection":[{"href":"https:\/\/snakkybox.com\/ee\/wp-json\/wp\/v2\/pages"}],"about":[{"href":"https:\/\/snakkybox.com\/ee\/wp-json\/wp\/v2\/types\/page"}],"author":[{"embeddable":true,"href":"https:\/\/snakkybox.com\/ee\/wp-json\/wp\/v2\/users\/1"}],"replies":[{"embeddable":true,"href":"https:\/\/snakkybox.com\/ee\/wp-json\/wp\/v2\/comments?post=3"}],"version-history":[{"count":3,"href":"https:\/\/snakkybox.com\/ee\/wp-json\/wp\/v2\/pages\/3\/revisions"}],"predecessor-version":[{"id":12061,"href":"https:\/\/snakkybox.com\/ee\/wp-json\/wp\/v2\/pages\/3\/revisions\/12061"}],"wp:attachment":[{"href":"https:\/\/snakkybox.com\/ee\/wp-json\/wp\/v2\/media?parent=3"}],"curies":[{"name":"wp","href":"https:\/\/api.w.org\/{rel}","templated":true}]}}