{"id":7284,"date":"2024-07-31T11:55:13","date_gmt":"2024-07-31T11:55:13","guid":{"rendered":"https:\/\/snakkybox.com\/?page_id=7284"},"modified":"2025-12-27T10:28:42","modified_gmt":"2025-12-27T08:28:42","slug":"piegade-un-atgriesana","status":"publish","type":"page","link":"https:\/\/snakkybox.com\/ee\/piegade-un-atgriesana\/","title":{"rendered":"Kohaletoimetamine ja tagastamine"},"content":{"rendered":"<h2 class=\"wp-block-heading\">Kohaletoimetamine<\/h2>\n\n\n\n<p>Suupistete tellimise veebisait&nbsp;<strong><a href=\"https:\/\/snakkybox.com\/ee\/\">www.snakkybox.com<\/a><\/strong>&nbsp;saab tellida igal ajal p\u00e4eval.<\/p>\n\n\n\n<p>Esimene igakuine tellimuskarp saadetakse teele 1-3 t\u00f6\u00f6p\u00e4eva jooksul p\u00e4rast makse laekumist. J\u00e4rgnevatel kuudel saadetakse suupistekarp teele iga kuu 17. kuup\u00e4evaks.<\/p>\n\n\n\n<p>Suupistete tellimiskarp on olemas&nbsp;<strong>tasuta saatmine<\/strong>.<\/p>\n\n\n\n<p>Kui kaupa ei ole v\u00f5imalik \u00fche saadetisena kohale toimetada, on M\u00fc\u00fcjal \u00f5igus kaup tarnida mitme saadetisena.<\/p>\n\n\n\n<hr class=\"wp-block-separator has-alpha-channel-opacity\"\/>\n\n\n\n<h2 class=\"wp-block-heading\">Kauba tagastamine<\/h2>\n\n\n\n<p>K\u00f5ikidel kauba tagastamise juhtudel peab Ostja M\u00fc\u00fcjaga \u00fchendust v\u00f5tma e-posti teel:&nbsp;<strong><a>info@snakkybox.com<\/a><\/strong>. Ostja v\u00f5ib kauba tagastada alles p\u00e4rast e-poe vastutavalt t\u00f6\u00f6tajalt kinnituse saamist.<\/p>\n\n\n\n<p>Ostjal on \u00f5igus ostu-m\u00fc\u00fcgilepingust taganeda, teatades sellest M\u00fc\u00fcjale kirjalikult (saates e-kirja aadressile&nbsp;<strong><a>info@snakkybox.com<\/a><\/strong>, (m\u00e4rkides tagastatud kauba ja selle tellimuse numbri)&nbsp;<strong>14 (neljateistk\u00fcmne) p\u00e4eva jooksul<\/strong>, v\u00e4lja arvatud juhtudel, kui taganemis\u00f5igus ei ole Leedu Vabariigi \u00f5igusaktide kohaselt kohaldatav (n\u00e4iteks kergesti riknevate v\u00f5i l\u00fchikese s\u00e4ilivusajaga kaupade puhul).<\/p>\n\n\n\n<p>Ostja saab taganemis\u00f5igust kasutada ainult juhul, kui kaup ei ole kahjustatud, suupistekarpi ei ole avatud, kaupa ei ole kasutatud ja tehasesilte ei ole eemaldatud.<\/p>\n\n\n\n<p>Kvaliteetsed kaubad tuleb tagastada&nbsp;<strong>originaalpakendis<\/strong>, koos k\u00f5igi tootedokumentidega. Tagastamise korral&nbsp;<strong>halva kvaliteediga toode<\/strong>, originaalpakend ei ole kohustuslik. Enne kauba tagastamist peab Ostja M\u00fc\u00fcjaga telefoni teel \u00fchendust v\u00f5tma.&nbsp;<strong>+37069831572<\/strong>&nbsp;v\u00f5i e-posti teel&nbsp;<strong><a>info@snakkybox.com<\/a><\/strong>.<\/p>\n\n\n\n<p>Kui toode ei vasta kvaliteedin\u00f5uetele, on Ostjal vastavalt Leedu Vabariigi tsiviilseadustiku artiklile 6.364\u00b9 \u00f5igus n\u00f5uda toote sobiva kvaliteedi tagamist, toote hinna proportsionaalset alandamist v\u00f5i ostu-m\u00fc\u00fcgilepingu \u00fchepoolset l\u00f5petamist.<\/p>\n\n\n\n<p>Kui Ostja soovib ebakvaliteetse toote eest raha tagasi saada, peab ta esitama kirjaliku taotluse e-posti teel. Taotlus peab sisaldama: ees- ja perekonnanime, tellimuse numbrit, toote nime ja kogust, samuti tagastamise p\u00f5hjust. M\u00fc\u00fcja, p\u00e4rast tagastatud toote v\u00f5i Ostja esitatud toote saatmise t\u00f5endi k\u00e4ttesaamist,&nbsp;<strong>mitte hiljem kui 14 p\u00e4eva<\/strong>tagastama tasutud summa sama makseviisi abil, mida Ostja maksmiseks kasutas, v\u00e4lja arvatud juhul, kui Ostja on n\u00f5ustunud m\u00f5ne muu tagasimakseviisiga.<\/p>","protected":false},"excerpt":{"rendered":"<p>Pieg\u0101de Uzkodu abonementu vietn\u0113&nbsp;www.snakkybox.com&nbsp;var pas\u016bt\u012bt jebkur\u0101 diennakts laik\u0101. Pirm\u0101 abonementa m\u0113ne\u0161a kaste tiks nos\u016bt\u012bta 1\u20133 darba dienu laik\u0101 p\u0113c maks\u0101juma sa\u0146em\u0161anas. Turpm\u0101kajos m\u0113ne\u0161os uzkodu kaste tiks nos\u016bt\u012bta l\u012bdz katra m\u0113ne\u0161a 17. datumam. Uzkodu abonementa kastei tiek nodro\u0161in\u0101ta&nbsp;bezmaksas pieg\u0101de. Ja nav iesp\u0113jams pieg\u0101d\u0101t preces vien\u0101 s\u016bt\u012bjum\u0101, P\u0101rdev\u0113jam ir ties\u012bbas pieg\u0101d\u0101t preces vair\u0101kos s\u016bt\u012bjumos. Pre\u010du atgrie\u0161ana Visos [&hellip;]<\/p>","protected":false},"author":1,"featured_media":0,"parent":0,"menu_order":0,"comment_status":"closed","ping_status":"closed","template":"","meta":{"footnotes":""},"class_list":["post-7284","page","type-page","status-publish","hentry"],"yoast_head":"<!-- This site is optimized with the Yoast SEO plugin v23.2 - https:\/\/yoast.com\/wordpress\/plugins\/seo\/ -->\n<title>Pieg\u0101de un atgrie\u0161ana - Snakky<\/title>\n<meta name=\"robots\" content=\"index, follow, max-snippet:-1, max-image-preview:large, max-video-preview:-1\" \/>\n<link rel=\"canonical\" href=\"https:\/\/snakkybox.com\/ee\/piegade-un-atgriesana\/\" \/>\n<meta property=\"og:locale\" content=\"et_EE\" \/>\n<meta property=\"og:type\" content=\"article\" \/>\n<meta property=\"og:title\" content=\"Pieg\u0101de un atgrie\u0161ana - Snakky\" \/>\n<meta property=\"og:description\" content=\"Pieg\u0101de Uzkodu abonementu vietn\u0113&nbsp;www.snakkybox.com&nbsp;var pas\u016bt\u012bt jebkur\u0101 diennakts laik\u0101. Pirm\u0101 abonementa m\u0113ne\u0161a kaste tiks nos\u016bt\u012bta 1\u20133 darba dienu laik\u0101 p\u0113c maks\u0101juma sa\u0146em\u0161anas. Turpm\u0101kajos m\u0113ne\u0161os uzkodu kaste tiks nos\u016bt\u012bta l\u012bdz katra m\u0113ne\u0161a 17. datumam. Uzkodu abonementa kastei tiek nodro\u0161in\u0101ta&nbsp;bezmaksas pieg\u0101de. Ja nav iesp\u0113jams pieg\u0101d\u0101t preces vien\u0101 s\u016bt\u012bjum\u0101, P\u0101rdev\u0113jam ir ties\u012bbas pieg\u0101d\u0101t preces vair\u0101kos s\u016bt\u012bjumos. Pre\u010du atgrie\u0161ana Visos [&hellip;]\" \/>\n<meta property=\"og:url\" content=\"https:\/\/snakkybox.com\/ee\/piegade-un-atgriesana\/\" \/>\n<meta property=\"og:site_name\" content=\"Snakky\" \/>\n<meta property=\"article:modified_time\" content=\"2025-12-27T08:28:42+00:00\" \/>\n<meta name=\"twitter:card\" content=\"summary_large_image\" \/>\n<meta name=\"twitter:label1\" content=\"Est. reading time\" \/>\n\t<meta name=\"twitter:data1\" content=\"2 minutit\" \/>\n<script type=\"application\/ld+json\" class=\"yoast-schema-graph\">{\"@context\":\"https:\/\/schema.org\",\"@graph\":[{\"@type\":\"WebPage\",\"@id\":\"https:\/\/snakkybox.com\/piegade-un-atgriesana\/\",\"url\":\"https:\/\/snakkybox.com\/piegade-un-atgriesana\/\",\"name\":\"Pieg\u0101de un atgrie\u0161ana - Snakky\",\"isPartOf\":{\"@id\":\"https:\/\/snakkybox.com\/#website\"},\"datePublished\":\"2024-07-31T11:55:13+00:00\",\"dateModified\":\"2025-12-27T08:28:42+00:00\",\"breadcrumb\":{\"@id\":\"https:\/\/snakkybox.com\/piegade-un-atgriesana\/#breadcrumb\"},\"inLanguage\":\"et\",\"potentialAction\":[{\"@type\":\"ReadAction\",\"target\":[\"https:\/\/snakkybox.com\/piegade-un-atgriesana\/\"]}]},{\"@type\":\"BreadcrumbList\",\"@id\":\"https:\/\/snakkybox.com\/piegade-un-atgriesana\/#breadcrumb\",\"itemListElement\":[{\"@type\":\"ListItem\",\"position\":1,\"name\":\"Prad\u017eia\",\"item\":\"https:\/\/snakkybox.com\/\"},{\"@type\":\"ListItem\",\"position\":2,\"name\":\"Pieg\u0101de un atgrie\u0161ana\"}]},{\"@type\":\"WebSite\",\"@id\":\"https:\/\/snakkybox.com\/#website\",\"url\":\"https:\/\/snakkybox.com\/\",\"name\":\"Snakky\",\"description\":\"\",\"publisher\":{\"@id\":\"https:\/\/snakkybox.com\/#organization\"},\"potentialAction\":[{\"@type\":\"SearchAction\",\"target\":{\"@type\":\"EntryPoint\",\"urlTemplate\":\"https:\/\/snakkybox.com\/?s={search_term_string}\"},\"query-input\":\"required name=search_term_string\"}],\"inLanguage\":\"et\"},{\"@type\":\"Organization\",\"@id\":\"https:\/\/snakkybox.com\/#organization\",\"name\":\"Snakky\",\"url\":\"https:\/\/snakkybox.com\/\",\"logo\":{\"@type\":\"ImageObject\",\"inLanguage\":\"et\",\"@id\":\"https:\/\/snakkybox.com\/#\/schema\/logo\/image\/\",\"url\":\"https:\/\/snakkybox.com\/wp-content\/uploads\/2025\/12\/snakky-logo.png\",\"contentUrl\":\"https:\/\/snakkybox.com\/wp-content\/uploads\/2025\/12\/snakky-logo.png\",\"width\":1318,\"height\":1170,\"caption\":\"Snakky\"},\"image\":{\"@id\":\"https:\/\/snakkybox.com\/#\/schema\/logo\/image\/\"}}]}<\/script>\n<!-- \/ Yoast SEO plugin. -->","yoast_head_json":{"title":"Pieg\u0101de un atgrie\u0161ana - Snakky","robots":{"index":"index","follow":"follow","max-snippet":"max-snippet:-1","max-image-preview":"max-image-preview:large","max-video-preview":"max-video-preview:-1"},"canonical":"https:\/\/snakkybox.com\/ee\/piegade-un-atgriesana\/","og_locale":"et_EE","og_type":"article","og_title":"Pieg\u0101de un atgrie\u0161ana - Snakky","og_description":"Pieg\u0101de Uzkodu abonementu vietn\u0113&nbsp;www.snakkybox.com&nbsp;var pas\u016bt\u012bt jebkur\u0101 diennakts laik\u0101. Pirm\u0101 abonementa m\u0113ne\u0161a kaste tiks nos\u016bt\u012bta 1\u20133 darba dienu laik\u0101 p\u0113c maks\u0101juma sa\u0146em\u0161anas. Turpm\u0101kajos m\u0113ne\u0161os uzkodu kaste tiks nos\u016bt\u012bta l\u012bdz katra m\u0113ne\u0161a 17. datumam. Uzkodu abonementa kastei tiek nodro\u0161in\u0101ta&nbsp;bezmaksas pieg\u0101de. Ja nav iesp\u0113jams pieg\u0101d\u0101t preces vien\u0101 s\u016bt\u012bjum\u0101, P\u0101rdev\u0113jam ir ties\u012bbas pieg\u0101d\u0101t preces vair\u0101kos s\u016bt\u012bjumos. Pre\u010du atgrie\u0161ana Visos [&hellip;]","og_url":"https:\/\/snakkybox.com\/ee\/piegade-un-atgriesana\/","og_site_name":"Snakky","article_modified_time":"2025-12-27T08:28:42+00:00","twitter_card":"summary_large_image","twitter_misc":{"Est. reading time":"2 minutit"},"schema":{"@context":"https:\/\/schema.org","@graph":[{"@type":"WebPage","@id":"https:\/\/snakkybox.com\/piegade-un-atgriesana\/","url":"https:\/\/snakkybox.com\/piegade-un-atgriesana\/","name":"Pieg\u0101de un atgrie\u0161ana - Snakky","isPartOf":{"@id":"https:\/\/snakkybox.com\/#website"},"datePublished":"2024-07-31T11:55:13+00:00","dateModified":"2025-12-27T08:28:42+00:00","breadcrumb":{"@id":"https:\/\/snakkybox.com\/piegade-un-atgriesana\/#breadcrumb"},"inLanguage":"et","potentialAction":[{"@type":"ReadAction","target":["https:\/\/snakkybox.com\/piegade-un-atgriesana\/"]}]},{"@type":"BreadcrumbList","@id":"https:\/\/snakkybox.com\/piegade-un-atgriesana\/#breadcrumb","itemListElement":[{"@type":"ListItem","position":1,"name":"Prad\u017eia","item":"https:\/\/snakkybox.com\/"},{"@type":"ListItem","position":2,"name":"Pieg\u0101de un atgrie\u0161ana"}]},{"@type":"WebSite","@id":"https:\/\/snakkybox.com\/#website","url":"https:\/\/snakkybox.com\/","name":"Snakky","description":"","publisher":{"@id":"https:\/\/snakkybox.com\/#organization"},"potentialAction":[{"@type":"SearchAction","target":{"@type":"EntryPoint","urlTemplate":"https:\/\/snakkybox.com\/?s={search_term_string}"},"query-input":"required name=search_term_string"}],"inLanguage":"et"},{"@type":"Organization","@id":"https:\/\/snakkybox.com\/#organization","name":"Snakky","url":"https:\/\/snakkybox.com\/","logo":{"@type":"ImageObject","inLanguage":"et","@id":"https:\/\/snakkybox.com\/#\/schema\/logo\/image\/","url":"https:\/\/snakkybox.com\/wp-content\/uploads\/2025\/12\/snakky-logo.png","contentUrl":"https:\/\/snakkybox.com\/wp-content\/uploads\/2025\/12\/snakky-logo.png","width":1318,"height":1170,"caption":"Snakky"},"image":{"@id":"https:\/\/snakkybox.com\/#\/schema\/logo\/image\/"}}]}},"_links":{"self":[{"href":"https:\/\/snakkybox.com\/ee\/wp-json\/wp\/v2\/pages\/7284","targetHints":{"allow":["GET"]}}],"collection":[{"href":"https:\/\/snakkybox.com\/ee\/wp-json\/wp\/v2\/pages"}],"about":[{"href":"https:\/\/snakkybox.com\/ee\/wp-json\/wp\/v2\/types\/page"}],"author":[{"embeddable":true,"href":"https:\/\/snakkybox.com\/ee\/wp-json\/wp\/v2\/users\/1"}],"replies":[{"embeddable":true,"href":"https:\/\/snakkybox.com\/ee\/wp-json\/wp\/v2\/comments?post=7284"}],"version-history":[{"count":7,"href":"https:\/\/snakkybox.com\/ee\/wp-json\/wp\/v2\/pages\/7284\/revisions"}],"predecessor-version":[{"id":12100,"href":"https:\/\/snakkybox.com\/ee\/wp-json\/wp\/v2\/pages\/7284\/revisions\/12100"}],"wp:attachment":[{"href":"https:\/\/snakkybox.com\/ee\/wp-json\/wp\/v2\/media?parent=7284"}],"curies":[{"name":"wp","href":"https:\/\/api.w.org\/{rel}","templated":true}]}}