{"id":8491,"date":"2024-12-04T13:17:06","date_gmt":"2024-12-04T11:17:06","guid":{"rendered":"https:\/\/snakkybox.com\/?page_id=8491"},"modified":"2026-01-01T12:27:28","modified_gmt":"2026-01-01T10:27:28","slug":"davanas","status":"publish","type":"page","link":"https:\/\/snakkybox.com\/ee\/davanas\/","title":{"rendered":"Davanas"},"content":{"rendered":"<div data-elementor-type=\"wp-page\" data-elementor-id=\"8491\" class=\"elementor elementor-8491\">\n\t\t\t\t<div class=\"elementor-element elementor-element-f069d84 gifts e-flex e-con-boxed e-con e-parent\" data-id=\"f069d84\" data-element_type=\"container\">\n\t\t\t\t\t<div class=\"e-con-inner\">\n\t\t\t\t<div class=\"elementor-element elementor-element-ede423b elementor-widget elementor-widget-heading\" data-id=\"ede423b\" data-element_type=\"widget\" data-widget_type=\"heading.default\">\n\t\t\t\t\t<h1 class=\"elementor-heading-title elementor-size-default\">VALI KINGITUSE PLAAN:\n<\/h1>\t\t\t\t<\/div>\n\t\t\t\t<div class=\"elementor-element elementor-element-3146920 elementor-position-left gift-box elementor-vertical-align-top elementor-widget elementor-widget-image-box\" data-id=\"3146920\" data-element_type=\"widget\" data-widget_type=\"image-box.default\">\n\t\t\t\t\t<div class=\"elementor-image-box-wrapper\"><figure class=\"elementor-image-box-img\"><a href=\"\/ee\/?add-to-cart=8117\" tabindex=\"-1\"><img fetchpriority=\"high\" decoding=\"async\" width=\"1024\" height=\"1024\" src=\"https:\/\/snakkybox.com\/wp-content\/uploads\/2025\/11\/25774870-f599-4c64-815c-81f0f2bed8f3.png\" class=\"attachment-full size-full wp-image-11495\" alt=\"\" srcset=\"https:\/\/snakkybox.com\/wp-content\/uploads\/2025\/11\/25774870-f599-4c64-815c-81f0f2bed8f3.png 1024w, https:\/\/snakkybox.com\/wp-content\/uploads\/2025\/11\/25774870-f599-4c64-815c-81f0f2bed8f3-300x300.png 300w, https:\/\/snakkybox.com\/wp-content\/uploads\/2025\/11\/25774870-f599-4c64-815c-81f0f2bed8f3-150x150.png 150w, https:\/\/snakkybox.com\/wp-content\/uploads\/2025\/11\/25774870-f599-4c64-815c-81f0f2bed8f3-768x768.png 768w, https:\/\/snakkybox.com\/wp-content\/uploads\/2025\/11\/25774870-f599-4c64-815c-81f0f2bed8f3-990x990.png 990w, https:\/\/snakkybox.com\/wp-content\/uploads\/2025\/11\/25774870-f599-4c64-815c-81f0f2bed8f3-441x441.png 441w, https:\/\/snakkybox.com\/wp-content\/uploads\/2025\/11\/25774870-f599-4c64-815c-81f0f2bed8f3-100x100.png 100w, https:\/\/snakkybox.com\/wp-content\/uploads\/2025\/11\/25774870-f599-4c64-815c-81f0f2bed8f3-800x800.png 800w\" sizes=\"(max-width: 1024px) 100vw, 1024px\" \/><\/a><\/figure><div class=\"elementor-image-box-content\"><h3 class=\"elementor-image-box-title\"><a href=\"\/ee\/?add-to-cart=8117\">3 KUUD<\/a><\/h3><p class=\"elementor-image-box-description\">39 \u20ac \/ KUUS (kingitus v\u00e4\u00e4rtusega 117 \u20ac)<\/p><\/div><\/div>\t\t\t\t<\/div>\n\t\t\t\t<div class=\"elementor-element elementor-element-cdc11e3 elementor-position-left gift-box elementor-vertical-align-top elementor-widget elementor-widget-image-box\" data-id=\"cdc11e3\" data-element_type=\"widget\" data-widget_type=\"image-box.default\">\n\t\t\t\t\t<div class=\"elementor-image-box-wrapper\"><figure class=\"elementor-image-box-img\"><a href=\"\/ee\/?add-to-cart=11493\" tabindex=\"-1\"><img decoding=\"async\" width=\"1024\" height=\"1024\" src=\"https:\/\/snakkybox.com\/wp-content\/uploads\/2025\/11\/4.png\" class=\"attachment-full size-full wp-image-11497\" alt=\"\" srcset=\"https:\/\/snakkybox.com\/wp-content\/uploads\/2025\/11\/4.png 1024w, https:\/\/snakkybox.com\/wp-content\/uploads\/2025\/11\/4-300x300.png 300w, https:\/\/snakkybox.com\/wp-content\/uploads\/2025\/11\/4-150x150.png 150w, https:\/\/snakkybox.com\/wp-content\/uploads\/2025\/11\/4-768x768.png 768w, https:\/\/snakkybox.com\/wp-content\/uploads\/2025\/11\/4-990x990.png 990w, https:\/\/snakkybox.com\/wp-content\/uploads\/2025\/11\/4-441x441.png 441w, https:\/\/snakkybox.com\/wp-content\/uploads\/2025\/11\/4-100x100.png 100w, https:\/\/snakkybox.com\/wp-content\/uploads\/2025\/11\/4-800x800.png 800w\" sizes=\"(max-width: 1024px) 100vw, 1024px\" \/><\/a><\/figure><div class=\"elementor-image-box-content\"><h3 class=\"elementor-image-box-title\"><a href=\"\/ee\/?add-to-cart=11493\">4 KUUD<\/a><\/h3><p class=\"elementor-image-box-description\">36 \u20ac \/ KUUS (kingitus v\u00e4\u00e4rtusega 144 \u20ac)<\/p><\/div><\/div>\t\t\t\t<\/div>\n\t\t\t\t<div class=\"elementor-element elementor-element-ab1353e elementor-position-left gift-box elementor-vertical-align-top elementor-widget elementor-widget-image-box\" data-id=\"ab1353e\" data-element_type=\"widget\" data-widget_type=\"image-box.default\">\n\t\t\t\t\t<div class=\"elementor-image-box-wrapper\"><figure class=\"elementor-image-box-img\"><a href=\"\/ee\/?add-to-cart=8118\" tabindex=\"-1\"><img decoding=\"async\" width=\"1024\" height=\"1024\" src=\"https:\/\/snakkybox.com\/wp-content\/uploads\/2025\/11\/6.png\" class=\"attachment-full size-full wp-image-11498\" alt=\"\" srcset=\"https:\/\/snakkybox.com\/wp-content\/uploads\/2025\/11\/6.png 1024w, https:\/\/snakkybox.com\/wp-content\/uploads\/2025\/11\/6-300x300.png 300w, https:\/\/snakkybox.com\/wp-content\/uploads\/2025\/11\/6-150x150.png 150w, https:\/\/snakkybox.com\/wp-content\/uploads\/2025\/11\/6-768x768.png 768w, https:\/\/snakkybox.com\/wp-content\/uploads\/2025\/11\/6-990x990.png 990w, https:\/\/snakkybox.com\/wp-content\/uploads\/2025\/11\/6-441x441.png 441w, https:\/\/snakkybox.com\/wp-content\/uploads\/2025\/11\/6-100x100.png 100w, https:\/\/snakkybox.com\/wp-content\/uploads\/2025\/11\/6-800x800.png 800w\" sizes=\"(max-width: 1024px) 100vw, 1024px\" \/><\/a><\/figure><div class=\"elementor-image-box-content\"><h3 class=\"elementor-image-box-title\"><a href=\"\/ee\/?add-to-cart=8118\">6 KUUD<\/a><\/h3><p class=\"elementor-image-box-description\">35 \u20ac \/ KUUS (kingitus v\u00e4\u00e4rtusega 210 \u20ac)<\/p><\/div><\/div>\t\t\t\t<\/div>\n\t\t\t\t<div class=\"elementor-element elementor-element-7f53d56 elementor-position-left gift-box elementor-vertical-align-top elementor-widget elementor-widget-image-box\" data-id=\"7f53d56\" data-element_type=\"widget\" data-widget_type=\"image-box.default\">\n\t\t\t\t\t<div class=\"elementor-image-box-wrapper\"><figure class=\"elementor-image-box-img\"><a href=\"\/ee\/?add-to-cart=8119\" tabindex=\"-1\"><img loading=\"lazy\" decoding=\"async\" width=\"1024\" height=\"1024\" src=\"https:\/\/snakkybox.com\/wp-content\/uploads\/2025\/11\/12.png\" class=\"attachment-full size-full wp-image-11499\" alt=\"\" srcset=\"https:\/\/snakkybox.com\/wp-content\/uploads\/2025\/11\/12.png 1024w, https:\/\/snakkybox.com\/wp-content\/uploads\/2025\/11\/12-300x300.png 300w, https:\/\/snakkybox.com\/wp-content\/uploads\/2025\/11\/12-150x150.png 150w, https:\/\/snakkybox.com\/wp-content\/uploads\/2025\/11\/12-768x768.png 768w, https:\/\/snakkybox.com\/wp-content\/uploads\/2025\/11\/12-990x990.png 990w, https:\/\/snakkybox.com\/wp-content\/uploads\/2025\/11\/12-441x441.png 441w, https:\/\/snakkybox.com\/wp-content\/uploads\/2025\/11\/12-100x100.png 100w, https:\/\/snakkybox.com\/wp-content\/uploads\/2025\/11\/12-800x800.png 800w\" sizes=\"(max-width: 1024px) 100vw, 1024px\" \/><\/a><\/figure><div class=\"elementor-image-box-content\"><h3 class=\"elementor-image-box-title\"><a href=\"\/ee\/?add-to-cart=8119\">12 KUUD<\/a><\/h3><p class=\"elementor-image-box-description\">31\u20ac \/ KUUS (Kingituse v\u00e4\u00e4rtus 372\u20ac)<\/p><\/div><\/div>\t\t\t\t<\/div>\n\t\t\t\t<div class=\"elementor-element elementor-element-ebd69e7 elementor-widget elementor-widget-heading\" data-id=\"ebd69e7\" data-element_type=\"widget\" data-widget_type=\"heading.default\">\n\t\t\t\t\t<h2 class=\"elementor-heading-title elementor-size-default\">MIKS TASUB SNAKKY OSTA:<\/h2>\t\t\t\t<\/div>\n\t\t\t\t<div class=\"elementor-element elementor-element-0f8a026 elementor-position-left elementor-vertical-align-middle gift-usp elementor-widget elementor-widget-image-box\" data-id=\"0f8a026\" data-element_type=\"widget\" data-widget_type=\"image-box.default\">\n\t\t\t\t\t<div class=\"elementor-image-box-wrapper\"><figure class=\"elementor-image-box-img\"><img loading=\"lazy\" decoding=\"async\" width=\"300\" height=\"300\" src=\"https:\/\/snakkybox.com\/wp-content\/uploads\/2024\/10\/quiz-1-300x300.png\" class=\"attachment-medium size-medium wp-image-8303\" alt=\"\" srcset=\"https:\/\/snakkybox.com\/wp-content\/uploads\/2024\/10\/quiz-1-300x300.png 300w, https:\/\/snakkybox.com\/wp-content\/uploads\/2024\/10\/quiz-1-150x150.png 150w, https:\/\/snakkybox.com\/wp-content\/uploads\/2024\/10\/quiz-1-441x441.png 441w, https:\/\/snakkybox.com\/wp-content\/uploads\/2024\/10\/quiz-1-100x100.png 100w, https:\/\/snakkybox.com\/wp-content\/uploads\/2024\/10\/quiz-1.png 750w\" sizes=\"(max-width: 300px) 100vw, 300px\" \/><\/figure><div class=\"elementor-image-box-content\"><h3 class=\"elementor-image-box-title\">\u00dcLLATUSI T\u00c4IS KARP<\/h3><p class=\"elementor-image-box-description\">Iga kuu \u2013 \u00fcha uus riik!\n<\/p><\/div><\/div>\t\t\t\t<\/div>\n\t\t\t\t<div class=\"elementor-element elementor-element-d67fa58 elementor-position-left elementor-vertical-align-middle gift-usp elementor-widget elementor-widget-image-box\" data-id=\"d67fa58\" data-element_type=\"widget\" data-widget_type=\"image-box.default\">\n\t\t\t\t\t<div class=\"elementor-image-box-wrapper\"><figure class=\"elementor-image-box-img\"><img loading=\"lazy\" decoding=\"async\" width=\"300\" height=\"300\" src=\"https:\/\/snakkybox.com\/wp-content\/uploads\/2024\/10\/quiz-2-300x300.png\" class=\"attachment-medium size-medium wp-image-8304\" alt=\"\" srcset=\"https:\/\/snakkybox.com\/wp-content\/uploads\/2024\/10\/quiz-2-300x300.png 300w, https:\/\/snakkybox.com\/wp-content\/uploads\/2024\/10\/quiz-2-150x150.png 150w, https:\/\/snakkybox.com\/wp-content\/uploads\/2024\/10\/quiz-2-441x441.png 441w, https:\/\/snakkybox.com\/wp-content\/uploads\/2024\/10\/quiz-2-100x100.png 100w, https:\/\/snakkybox.com\/wp-content\/uploads\/2024\/10\/quiz-2.png 750w\" sizes=\"(max-width: 300px) 100vw, 300px\" \/><\/figure><div class=\"elementor-image-box-content\"><h3 class=\"elementor-image-box-title\">AUTENTSED MAITSED<\/h3><p class=\"elementor-image-box-description\">Hoolikalt valitud suupisted kogu maailmast!\n<\/p><\/div><\/div>\t\t\t\t<\/div>\n\t\t\t\t<div class=\"elementor-element elementor-element-30ef38f elementor-position-left elementor-vertical-align-middle gift-usp elementor-widget elementor-widget-image-box\" data-id=\"30ef38f\" data-element_type=\"widget\" data-widget_type=\"image-box.default\">\n\t\t\t\t\t<div class=\"elementor-image-box-wrapper\"><figure class=\"elementor-image-box-img\"><img loading=\"lazy\" decoding=\"async\" width=\"300\" height=\"300\" src=\"https:\/\/snakkybox.com\/wp-content\/uploads\/2024\/10\/quiz-3-300x300.png\" class=\"attachment-medium size-medium wp-image-8305\" alt=\"\" srcset=\"https:\/\/snakkybox.com\/wp-content\/uploads\/2024\/10\/quiz-3-300x300.png 300w, https:\/\/snakkybox.com\/wp-content\/uploads\/2024\/10\/quiz-3-150x150.png 150w, https:\/\/snakkybox.com\/wp-content\/uploads\/2024\/10\/quiz-3-441x441.png 441w, https:\/\/snakkybox.com\/wp-content\/uploads\/2024\/10\/quiz-3-100x100.png 100w, https:\/\/snakkybox.com\/wp-content\/uploads\/2024\/10\/quiz-3.png 750w\" sizes=\"(max-width: 300px) 100vw, 300px\" \/><\/figure><div class=\"elementor-image-box-content\"><h3 class=\"elementor-image-box-title\">TUTVU MAITSEKULTUURIDEGA<\/h3><p class=\"elementor-image-box-description\">Uuri iga riigi kultuuri kohta!\n<\/p><\/div><\/div>\t\t\t\t<\/div>\n\t\t\t\t\t<\/div>\n\t\t\t\t<\/div>\n\t\t\t\t<\/div>","protected":false},"excerpt":{"rendered":"<p>IZV\u0112LIES D\u0100VANAS PL\u0100NU: 3 M\u0112NE\u0160I 39 \u20ac \/ M\u0112N. (D\u0101vana 117\u20ac v\u0113rt\u012bb\u0101) 4 M\u0112NE\u0160I 36 \u20ac \/ M\u0112N. (D\u0101vana 144\u20ac v\u0113rt\u012bb\u0101) 6 M\u0112NE\u0160I 35 \u20ac \/ M\u0112N. (D\u0101vana 210 \u20ac v\u0113rt\u012bb\u0101) 12 M\u0112NE\u0160I 31\u20ac \/ M\u0112N. (D\u0101vana 372\u20ac v\u0113rt\u012bb\u0101) K\u0100P\u0112C IR V\u0112RTS IEG\u0100D\u0100TIES SNAKKY: P\u0100RSTEIGUMU PILNA KAST\u012aTE Katru m\u0113nesi \u2013 arvien jauna valsts! AUTENTISKAS GAR\u0160AS [&hellip;]<\/p>","protected":false},"author":1,"featured_media":0,"parent":0,"menu_order":0,"comment_status":"closed","ping_status":"closed","template":"template-canvas.php","meta":{"footnotes":""},"class_list":["post-8491","page","type-page","status-publish","hentry"],"yoast_head":"<!-- This site is optimized with the Yoast SEO plugin v23.2 - https:\/\/yoast.com\/wordpress\/plugins\/seo\/ -->\n<title>Davanas - Snakky<\/title>\n<meta name=\"robots\" content=\"index, follow, max-snippet:-1, max-image-preview:large, max-video-preview:-1\" \/>\n<link rel=\"canonical\" href=\"https:\/\/snakkybox.com\/ee\/davanas\/\" \/>\n<meta property=\"og:locale\" content=\"et_EE\" \/>\n<meta property=\"og:type\" content=\"article\" \/>\n<meta property=\"og:title\" content=\"Davanas - Snakky\" \/>\n<meta property=\"og:description\" content=\"IZV\u0112LIES D\u0100VANAS PL\u0100NU: 3 M\u0112NE\u0160I 39 \u20ac \/ M\u0112N. (D\u0101vana 117\u20ac v\u0113rt\u012bb\u0101) 4 M\u0112NE\u0160I 36 \u20ac \/ M\u0112N. (D\u0101vana 144\u20ac v\u0113rt\u012bb\u0101) 6 M\u0112NE\u0160I 35 \u20ac \/ M\u0112N. (D\u0101vana 210 \u20ac v\u0113rt\u012bb\u0101) 12 M\u0112NE\u0160I 31\u20ac \/ M\u0112N. (D\u0101vana 372\u20ac v\u0113rt\u012bb\u0101) K\u0100P\u0112C IR V\u0112RTS IEG\u0100D\u0100TIES SNAKKY: P\u0100RSTEIGUMU PILNA KAST\u012aTE Katru m\u0113nesi \u2013 arvien jauna valsts! AUTENTISKAS GAR\u0160AS [&hellip;]\" \/>\n<meta property=\"og:url\" content=\"https:\/\/snakkybox.com\/ee\/davanas\/\" \/>\n<meta property=\"og:site_name\" content=\"Snakky\" \/>\n<meta property=\"article:modified_time\" content=\"2026-01-01T10:27:28+00:00\" \/>\n<meta property=\"og:image\" content=\"https:\/\/snakkybox.com\/wp-content\/uploads\/2025\/11\/25774870-f599-4c64-815c-81f0f2bed8f3.png\" \/>\n<meta name=\"twitter:card\" content=\"summary_large_image\" \/>\n<script type=\"application\/ld+json\" class=\"yoast-schema-graph\">{\"@context\":\"https:\/\/schema.org\",\"@graph\":[{\"@type\":\"WebPage\",\"@id\":\"https:\/\/snakkybox.com\/davanas\/\",\"url\":\"https:\/\/snakkybox.com\/davanas\/\",\"name\":\"Davanas - Snakky\",\"isPartOf\":{\"@id\":\"https:\/\/snakkybox.com\/#website\"},\"primaryImageOfPage\":{\"@id\":\"https:\/\/snakkybox.com\/davanas\/#primaryimage\"},\"image\":{\"@id\":\"https:\/\/snakkybox.com\/davanas\/#primaryimage\"},\"thumbnailUrl\":\"https:\/\/snakkybox.com\/wp-content\/uploads\/2025\/11\/25774870-f599-4c64-815c-81f0f2bed8f3.png\",\"datePublished\":\"2024-12-04T11:17:06+00:00\",\"dateModified\":\"2026-01-01T10:27:28+00:00\",\"breadcrumb\":{\"@id\":\"https:\/\/snakkybox.com\/davanas\/#breadcrumb\"},\"inLanguage\":\"et\",\"potentialAction\":[{\"@type\":\"ReadAction\",\"target\":[\"https:\/\/snakkybox.com\/davanas\/\"]}]},{\"@type\":\"ImageObject\",\"inLanguage\":\"et\",\"@id\":\"https:\/\/snakkybox.com\/davanas\/#primaryimage\",\"url\":\"https:\/\/snakkybox.com\/wp-content\/uploads\/2025\/11\/25774870-f599-4c64-815c-81f0f2bed8f3.png\",\"contentUrl\":\"https:\/\/snakkybox.com\/wp-content\/uploads\/2025\/11\/25774870-f599-4c64-815c-81f0f2bed8f3.png\"},{\"@type\":\"BreadcrumbList\",\"@id\":\"https:\/\/snakkybox.com\/davanas\/#breadcrumb\",\"itemListElement\":[{\"@type\":\"ListItem\",\"position\":1,\"name\":\"Prad\u017eia\",\"item\":\"https:\/\/snakkybox.com\/\"},{\"@type\":\"ListItem\",\"position\":2,\"name\":\"Davanas\"}]},{\"@type\":\"WebSite\",\"@id\":\"https:\/\/snakkybox.com\/#website\",\"url\":\"https:\/\/snakkybox.com\/\",\"name\":\"Snakky\",\"description\":\"\",\"publisher\":{\"@id\":\"https:\/\/snakkybox.com\/#organization\"},\"potentialAction\":[{\"@type\":\"SearchAction\",\"target\":{\"@type\":\"EntryPoint\",\"urlTemplate\":\"https:\/\/snakkybox.com\/?s={search_term_string}\"},\"query-input\":\"required name=search_term_string\"}],\"inLanguage\":\"et\"},{\"@type\":\"Organization\",\"@id\":\"https:\/\/snakkybox.com\/#organization\",\"name\":\"Snakky\",\"url\":\"https:\/\/snakkybox.com\/\",\"logo\":{\"@type\":\"ImageObject\",\"inLanguage\":\"et\",\"@id\":\"https:\/\/snakkybox.com\/#\/schema\/logo\/image\/\",\"url\":\"https:\/\/snakkybox.com\/wp-content\/uploads\/2025\/12\/snakky-logo.png\",\"contentUrl\":\"https:\/\/snakkybox.com\/wp-content\/uploads\/2025\/12\/snakky-logo.png\",\"width\":1318,\"height\":1170,\"caption\":\"Snakky\"},\"image\":{\"@id\":\"https:\/\/snakkybox.com\/#\/schema\/logo\/image\/\"}}]}<\/script>\n<!-- \/ Yoast SEO plugin. -->","yoast_head_json":{"title":"Davanas - Snakky","robots":{"index":"index","follow":"follow","max-snippet":"max-snippet:-1","max-image-preview":"max-image-preview:large","max-video-preview":"max-video-preview:-1"},"canonical":"https:\/\/snakkybox.com\/ee\/davanas\/","og_locale":"et_EE","og_type":"article","og_title":"Davanas - Snakky","og_description":"IZV\u0112LIES D\u0100VANAS PL\u0100NU: 3 M\u0112NE\u0160I 39 \u20ac \/ M\u0112N. (D\u0101vana 117\u20ac v\u0113rt\u012bb\u0101) 4 M\u0112NE\u0160I 36 \u20ac \/ M\u0112N. (D\u0101vana 144\u20ac v\u0113rt\u012bb\u0101) 6 M\u0112NE\u0160I 35 \u20ac \/ M\u0112N. (D\u0101vana 210 \u20ac v\u0113rt\u012bb\u0101) 12 M\u0112NE\u0160I 31\u20ac \/ M\u0112N. (D\u0101vana 372\u20ac v\u0113rt\u012bb\u0101) K\u0100P\u0112C IR V\u0112RTS IEG\u0100D\u0100TIES SNAKKY: P\u0100RSTEIGUMU PILNA KAST\u012aTE Katru m\u0113nesi \u2013 arvien jauna valsts! AUTENTISKAS GAR\u0160AS [&hellip;]","og_url":"https:\/\/snakkybox.com\/ee\/davanas\/","og_site_name":"Snakky","article_modified_time":"2026-01-01T10:27:28+00:00","og_image":[{"url":"https:\/\/snakkybox.com\/wp-content\/uploads\/2025\/11\/25774870-f599-4c64-815c-81f0f2bed8f3.png"}],"twitter_card":"summary_large_image","schema":{"@context":"https:\/\/schema.org","@graph":[{"@type":"WebPage","@id":"https:\/\/snakkybox.com\/davanas\/","url":"https:\/\/snakkybox.com\/davanas\/","name":"Davanas - Snakky","isPartOf":{"@id":"https:\/\/snakkybox.com\/#website"},"primaryImageOfPage":{"@id":"https:\/\/snakkybox.com\/davanas\/#primaryimage"},"image":{"@id":"https:\/\/snakkybox.com\/davanas\/#primaryimage"},"thumbnailUrl":"https:\/\/snakkybox.com\/wp-content\/uploads\/2025\/11\/25774870-f599-4c64-815c-81f0f2bed8f3.png","datePublished":"2024-12-04T11:17:06+00:00","dateModified":"2026-01-01T10:27:28+00:00","breadcrumb":{"@id":"https:\/\/snakkybox.com\/davanas\/#breadcrumb"},"inLanguage":"et","potentialAction":[{"@type":"ReadAction","target":["https:\/\/snakkybox.com\/davanas\/"]}]},{"@type":"ImageObject","inLanguage":"et","@id":"https:\/\/snakkybox.com\/davanas\/#primaryimage","url":"https:\/\/snakkybox.com\/wp-content\/uploads\/2025\/11\/25774870-f599-4c64-815c-81f0f2bed8f3.png","contentUrl":"https:\/\/snakkybox.com\/wp-content\/uploads\/2025\/11\/25774870-f599-4c64-815c-81f0f2bed8f3.png"},{"@type":"BreadcrumbList","@id":"https:\/\/snakkybox.com\/davanas\/#breadcrumb","itemListElement":[{"@type":"ListItem","position":1,"name":"Prad\u017eia","item":"https:\/\/snakkybox.com\/"},{"@type":"ListItem","position":2,"name":"Davanas"}]},{"@type":"WebSite","@id":"https:\/\/snakkybox.com\/#website","url":"https:\/\/snakkybox.com\/","name":"Snakky","description":"","publisher":{"@id":"https:\/\/snakkybox.com\/#organization"},"potentialAction":[{"@type":"SearchAction","target":{"@type":"EntryPoint","urlTemplate":"https:\/\/snakkybox.com\/?s={search_term_string}"},"query-input":"required name=search_term_string"}],"inLanguage":"et"},{"@type":"Organization","@id":"https:\/\/snakkybox.com\/#organization","name":"Snakky","url":"https:\/\/snakkybox.com\/","logo":{"@type":"ImageObject","inLanguage":"et","@id":"https:\/\/snakkybox.com\/#\/schema\/logo\/image\/","url":"https:\/\/snakkybox.com\/wp-content\/uploads\/2025\/12\/snakky-logo.png","contentUrl":"https:\/\/snakkybox.com\/wp-content\/uploads\/2025\/12\/snakky-logo.png","width":1318,"height":1170,"caption":"Snakky"},"image":{"@id":"https:\/\/snakkybox.com\/#\/schema\/logo\/image\/"}}]}},"_links":{"self":[{"href":"https:\/\/snakkybox.com\/ee\/wp-json\/wp\/v2\/pages\/8491","targetHints":{"allow":["GET"]}}],"collection":[{"href":"https:\/\/snakkybox.com\/ee\/wp-json\/wp\/v2\/pages"}],"about":[{"href":"https:\/\/snakkybox.com\/ee\/wp-json\/wp\/v2\/types\/page"}],"author":[{"embeddable":true,"href":"https:\/\/snakkybox.com\/ee\/wp-json\/wp\/v2\/users\/1"}],"replies":[{"embeddable":true,"href":"https:\/\/snakkybox.com\/ee\/wp-json\/wp\/v2\/comments?post=8491"}],"version-history":[{"count":72,"href":"https:\/\/snakkybox.com\/ee\/wp-json\/wp\/v2\/pages\/8491\/revisions"}],"predecessor-version":[{"id":12163,"href":"https:\/\/snakkybox.com\/ee\/wp-json\/wp\/v2\/pages\/8491\/revisions\/12163"}],"wp:attachment":[{"href":"https:\/\/snakkybox.com\/ee\/wp-json\/wp\/v2\/media?parent=8491"}],"curies":[{"name":"wp","href":"https:\/\/api.w.org\/{rel}","templated":true}]}}